{"id":3525,"date":"2022-02-23T16:09:36","date_gmt":"2022-02-23T15:09:36","guid":{"rendered":"http:\/\/marimar-apartments.it\/cookie-policy\/"},"modified":"2025-02-04T18:30:43","modified_gmt":"2025-02-04T16:30:43","slug":"cookie-policy","status":"publish","type":"page","link":"https:\/\/marimar-apartments.it\/de\/cookie-policy\/","title":{"rendered":"Cookie Policy"},"content":{"rendered":"\t\t<div data-elementor-type=\"wp-page\" data-elementor-id=\"3525\" class=\"elementor elementor-3525 elementor-1415\" data-elementor-post-type=\"page\">\n\t\t\t\t\t\t<section class=\"elementor-section elementor-top-section elementor-element elementor-element-5e23743 elementor-section-boxed elementor-section-height-default elementor-section-height-default\" data-id=\"5e23743\" data-element_type=\"section\" data-e-type=\"section\" data-settings=\"{&quot;background_background&quot;:&quot;gradient&quot;}\">\n\t\t\t\t\t\t<div class=\"elementor-container elementor-column-gap-wide\">\n\t\t\t\t\t<div class=\"elementor-column elementor-col-100 elementor-top-column elementor-element elementor-element-1d3b307\" data-id=\"1d3b307\" data-element_type=\"column\" data-e-type=\"column\">\n\t\t\t<div class=\"elementor-widget-wrap elementor-element-populated\">\n\t\t\t\t\t\t<div class=\"elementor-element elementor-element-385bdef elementor-widget elementor-widget-heading\" data-id=\"385bdef\" data-element_type=\"widget\" data-e-type=\"widget\" data-widget_type=\"heading.default\">\n\t\t\t\t<div class=\"elementor-widget-container\">\n\t\t\t\t\t<h1 class=\"elementor-heading-title elementor-size-default\">Cookie Policy<\/h1>\t\t\t\t<\/div>\n\t\t\t\t<\/div>\n\t\t\t\t<div class=\"elementor-element elementor-element-522a98e elementor-widget__width-initial elementor-absolute elementor-align-center elementor-invisible elementor-widget elementor-widget-lottie\" data-id=\"522a98e\" data-element_type=\"widget\" data-e-type=\"widget\" data-settings=\"{&quot;source_json&quot;:{&quot;url&quot;:&quot;http:\\\/\\\/marimar-apartments.it\\\/wp-content\\\/uploads\\\/2022\\\/02\\\/lf30_editor_avtxniab.json&quot;,&quot;id&quot;:167,&quot;size&quot;:&quot;&quot;,&quot;alt&quot;:&quot;&quot;,&quot;source&quot;:&quot;library&quot;},&quot;loop&quot;:&quot;yes&quot;,&quot;play_speed&quot;:{&quot;unit&quot;:&quot;px&quot;,&quot;size&quot;:3,&quot;sizes&quot;:[]},&quot;_animation&quot;:&quot;fadeIn&quot;,&quot;_position&quot;:&quot;absolute&quot;,&quot;_animation_delay&quot;:200,&quot;source&quot;:&quot;media_file&quot;,&quot;caption_source&quot;:&quot;none&quot;,&quot;link_to&quot;:&quot;none&quot;,&quot;trigger&quot;:&quot;arriving_to_viewport&quot;,&quot;viewport&quot;:{&quot;unit&quot;:&quot;%&quot;,&quot;size&quot;:&quot;&quot;,&quot;sizes&quot;:{&quot;start&quot;:0,&quot;end&quot;:100}},&quot;start_point&quot;:{&quot;unit&quot;:&quot;%&quot;,&quot;size&quot;:0,&quot;sizes&quot;:[]},&quot;end_point&quot;:{&quot;unit&quot;:&quot;%&quot;,&quot;size&quot;:100,&quot;sizes&quot;:[]},&quot;renderer&quot;:&quot;svg&quot;}\" data-widget_type=\"lottie.default\">\n\t\t\t\t<div class=\"elementor-widget-container\">\n\t\t\t\t\t<div class=\"e-lottie__container\"><div class=\"e-lottie__animation\"><\/div><\/div>\t\t\t\t<\/div>\n\t\t\t\t<\/div>\n\t\t\t\t\t<\/div>\n\t\t<\/div>\n\t\t\t\t\t<\/div>\n\t\t<\/section>\n\t\t\t\t<section class=\"elementor-section elementor-top-section elementor-element elementor-element-9002d49 elementor-section-boxed elementor-section-height-default elementor-section-height-default\" data-id=\"9002d49\" data-element_type=\"section\" data-e-type=\"section\">\n\t\t\t\t\t\t<div class=\"elementor-container elementor-column-gap-wide\">\n\t\t\t\t\t<div class=\"elementor-column elementor-col-100 elementor-top-column elementor-element elementor-element-c80df36\" data-id=\"c80df36\" data-element_type=\"column\" data-e-type=\"column\">\n\t\t\t<div class=\"elementor-widget-wrap elementor-element-populated\">\n\t\t\t\t\t\t<div class=\"elementor-element elementor-element-01104eb elementor-widget elementor-widget-text-editor\" data-id=\"01104eb\" data-element_type=\"widget\" data-e-type=\"widget\" data-widget_type=\"text-editor.default\">\n\t\t\t\t<div class=\"elementor-widget-container\">\n\t\t\t\t\t\t\t\t\t<p><style>\n    a.cky-banner-element {<br \/>\n        padding: 8px 30px;<br \/>\n        background: #F8F9FA;<br \/>\n        color: #858A8F;<br \/>\n        border: 1px solid #DEE2E6;<br \/>\n        box-sizing: border-box;<br \/>\n        border-radius: 2px;<br \/>\n        cursor: pointer;<br \/>\n    }<br \/>\n<\/style><\/p><p>Letzte Aktualisierung: 04. Februar 2025<\/p><h3>Was sind Cookies?<\/h3><div class=\"cookie-policy-p\"><p>Diese Cookie-Richtlinie erkl\u00e4rt, was Cookies sind und wie wir sie verwenden, welche Arten von Cookies wir nutzen, welche Informationen wir mit Cookies sammeln und wie diese Informationen verwendet werden. Au\u00dferdem erfahren Sie, wie Sie Ihre Cookie-Einstellungen verwalten k\u00f6nnen.<\/p><p>Cookies sind kleine Textdateien, die verwendet werden, um kleine Informationsmengen zu speichern. Sie werden auf Ihrem Ger\u00e4t gespeichert, wenn die Website in Ihrem Browser geladen wird. Diese Cookies helfen uns, die Website ordnungsgem\u00e4\u00df funktionieren zu lassen, sie sicherer zu machen, die Benutzererfahrung zu verbessern und zu verstehen, wie die Website performt und wo Optimierungen erforderlich sind.<\/p><\/div><h3>Wie verwenden wir Cookies?<\/h3><div class=\"cookie-policy-p\"><p>Wie die meisten Online-Dienste verwendet unsere Website Erstanbieter- und Drittanbieter-Cookies f\u00fcr verschiedene Zwecke. Erstanbieter-Cookies sind f\u00fcr das ordnungsgem\u00e4\u00dfe Funktionieren der Website erforderlich und erfassen keine personenbezogenen Daten von Ihnen.<\/p><p>Die auf unserer Website verwendeten Drittanbieter-Cookies dienen haupts\u00e4chlich dazu, die Leistung der Website zu analysieren, Ihr Nutzerverhalten zu verstehen, unsere Dienste sicher zu halten, Ihnen relevante Werbung bereitzustellen und insgesamt eine bessere Benutzererfahrung zu erm\u00f6glichen sowie zuk\u00fcnftige Interaktionen mit unserer Website zu beschleunigen.<\/p><\/div><h3>Arten von Cookies, die wir verwenden<\/h3><div class=\"cky-audit-table-element\">\u00a0<\/div><h3 style=\"margin-bottom: 20px;\">Cookie-Einstellungen verwalten<\/h3><p><a class=\"cky-banner-element\">Cookies verwalten<\/a><\/p><div><p>Sie k\u00f6nnen Ihre Cookie-Einstellungen jederzeit \u00e4ndern, indem Sie auf die obige Schaltfl\u00e4che klicken. Dadurch k\u00f6nnen Sie das Cookie-Einwilligungsbanner erneut aufrufen und Ihre Pr\u00e4ferenzen \u00e4ndern oder Ihre Zustimmung sofort widerrufen.<\/p><p>Dar\u00fcber hinaus bieten verschiedene Browser unterschiedliche Methoden zum Blockieren und L\u00f6schen von Cookies, die von Websites verwendet werden. Sie k\u00f6nnen die Einstellungen Ihres Browsers \u00e4ndern, um Cookies zu blockieren oder zu l\u00f6schen. Nachfolgend finden Sie Links zu den Support-Dokumenten der wichtigsten Webbrowser, die Anleitungen zur Verwaltung und L\u00f6schung von Cookies enthalten.<\/p><p>Chrome: <a href=\"https:\/\/support.google.com\/accounts\/answer\/32050\" target=\"_blank\" rel=\"noopener noreferrer\">https:\/\/support.google.com\/accounts\/answer\/32050<\/a><\/p><p>Safari: <a href=\"https:\/\/support.apple.com\/de-de\/guide\/safari\/sfri11471\/mac\" target=\"_blank\" rel=\"noopener noreferrer\">https:\/\/support.apple.com\/de-de\/guide\/safari\/sfri11471\/mac<\/a><\/p><p>Firefox: <a href=\"https:\/\/support.mozilla.org\/de\/kb\/cookies-und-website-daten-in-firefox-loschen\" target=\"_blank\" rel=\"noopener noreferrer\">https:\/\/support.mozilla.org\/de\/kb\/cookies-und-website-daten-in-firefox-loschen<\/a><\/p><p>Internet Explorer: <a href=\"https:\/\/support.microsoft.com\/de-de\/topic\/l%C3%B6schen-von-cookie-dateien-in-internet-explorer-bca9446f-d873-78de-77ba-d42645fa52fc\" target=\"_blank\" rel=\"noopener noreferrer\">https:\/\/support.microsoft.com\/de-de\/topic\/l%C3%B6schen-von-cookie-dateien-in-internet-explorer-bca9446f-d873-78de-77ba-d42645fa52fc<\/a><\/p><p>Falls Sie einen anderen Webbrowser verwenden, besuchen Sie bitte die offiziellen Support-Dokumente Ihres Browsers.<\/p><\/div>\t\t\t\t\t\t\t\t<\/div>\n\t\t\t\t<\/div>\n\t\t\t\t\t<\/div>\n\t\t<\/div>\n\t\t\t\t\t<\/div>\n\t\t<\/section>\n\t\t\t\t<\/div>\n\t\t","protected":false},"excerpt":{"rendered":"<p>Cookie Policy Letzte Aktualisierung: 04. Februar 2025 Was sind Cookies? Diese Cookie-Richtlinie erkl\u00e4rt, was Cookies sind und wie wir sie verwenden, welche Arten von Cookies wir nutzen, welche Informationen wir mit Cookies sammeln und wie diese Informationen verwendet werden. Au\u00dferdem erfahren Sie, wie Sie Ihre Cookie-Einstellungen verwalten k\u00f6nnen. Cookies sind kleine Textdateien, die verwendet werden, [&hellip;]<\/p>\n","protected":false},"author":1,"featured_media":0,"parent":0,"menu_order":0,"comment_status":"closed","ping_status":"closed","template":"","meta":{"_acf_changed":false,"footnotes":""},"class_list":["post-3525","page","type-page","status-publish","hentry"],"acf":[],"yoast_head":"<!-- This site is optimized with the Yoast SEO plugin v27.1.1 - https:\/\/yoast.com\/product\/yoast-seo-wordpress\/ -->\n<title>Cookie Policy - Marimar Apartments<\/title>\n<meta name=\"robots\" content=\"index, follow, max-snippet:-1, max-image-preview:large, max-video-preview:-1\" \/>\n<link rel=\"canonical\" href=\"https:\/\/marimar-apartments.it\/de\/cookie-policy\/\" \/>\n<meta property=\"og:locale\" content=\"de_DE\" \/>\n<meta property=\"og:type\" content=\"article\" \/>\n<meta property=\"og:title\" content=\"Cookie Policy - Marimar Apartments\" \/>\n<meta property=\"og:description\" content=\"Cookie Policy Letzte Aktualisierung: 04. Februar 2025 Was sind Cookies? Diese Cookie-Richtlinie erkl\u00e4rt, was Cookies sind und wie wir sie verwenden, welche Arten von Cookies wir nutzen, welche Informationen wir mit Cookies sammeln und wie diese Informationen verwendet werden. Au\u00dferdem erfahren Sie, wie Sie Ihre Cookie-Einstellungen verwalten k\u00f6nnen. Cookies sind kleine Textdateien, die verwendet werden, [&hellip;]\" \/>\n<meta property=\"og:url\" content=\"https:\/\/marimar-apartments.it\/de\/cookie-policy\/\" \/>\n<meta property=\"og:site_name\" content=\"Marimar Apartments\" \/>\n<meta property=\"article:modified_time\" content=\"2025-02-04T16:30:43+00:00\" \/>\n<meta property=\"og:image\" content=\"https:\/\/marimar-apartments.it\/wp-content\/uploads\/2022\/02\/logo-marimar-social.png\" \/>\n\t<meta property=\"og:image:width\" content=\"513\" \/>\n\t<meta property=\"og:image:height\" content=\"513\" \/>\n\t<meta property=\"og:image:type\" content=\"image\/png\" \/>\n<meta name=\"twitter:card\" content=\"summary_large_image\" \/>\n<meta name=\"twitter:label1\" content=\"Gesch\u00e4tzte Lesezeit\" \/>\n\t<meta name=\"twitter:data1\" content=\"6\u00a0Minuten\" \/>\n<script type=\"application\/ld+json\" class=\"yoast-schema-graph\">{\"@context\":\"https:\/\/schema.org\",\"@graph\":[{\"@type\":\"WebPage\",\"@id\":\"https:\/\/marimar-apartments.it\/de\/cookie-policy\/\",\"url\":\"https:\/\/marimar-apartments.it\/de\/cookie-policy\/\",\"name\":\"Cookie Policy - Marimar Apartments\",\"isPartOf\":{\"@id\":\"https:\/\/marimar-apartments.it\/de\/#website\"},\"datePublished\":\"2022-02-23T15:09:36+00:00\",\"dateModified\":\"2025-02-04T16:30:43+00:00\",\"breadcrumb\":{\"@id\":\"https:\/\/marimar-apartments.it\/de\/cookie-policy\/#breadcrumb\"},\"inLanguage\":\"de\",\"potentialAction\":[{\"@type\":\"ReadAction\",\"target\":[\"https:\/\/marimar-apartments.it\/de\/cookie-policy\/\"]}]},{\"@type\":\"BreadcrumbList\",\"@id\":\"https:\/\/marimar-apartments.it\/de\/cookie-policy\/#breadcrumb\",\"itemListElement\":[{\"@type\":\"ListItem\",\"position\":1,\"name\":\"Home\",\"item\":\"https:\/\/marimar-apartments.it\/de\/\"},{\"@type\":\"ListItem\",\"position\":2,\"name\":\"Cookie Policy\"}]},{\"@type\":\"WebSite\",\"@id\":\"https:\/\/marimar-apartments.it\/de\/#website\",\"url\":\"https:\/\/marimar-apartments.it\/de\/\",\"name\":\"Marimar Apartments\",\"description\":\"Case Vacanze a Otranto, Puglia\",\"publisher\":{\"@id\":\"https:\/\/marimar-apartments.it\/de\/#organization\"},\"potentialAction\":[{\"@type\":\"SearchAction\",\"target\":{\"@type\":\"EntryPoint\",\"urlTemplate\":\"https:\/\/marimar-apartments.it\/de\/?s={search_term_string}\"},\"query-input\":{\"@type\":\"PropertyValueSpecification\",\"valueRequired\":true,\"valueName\":\"search_term_string\"}}],\"inLanguage\":\"de\"},{\"@type\":\"Organization\",\"@id\":\"https:\/\/marimar-apartments.it\/de\/#organization\",\"name\":\"MariMar Apartments - Case Vacanze a Otranto\",\"url\":\"https:\/\/marimar-apartments.it\/de\/\",\"logo\":{\"@type\":\"ImageObject\",\"inLanguage\":\"de\",\"@id\":\"https:\/\/marimar-apartments.it\/de\/#\/schema\/logo\/image\/\",\"url\":\"http:\/\/marimar-apartments.it\/wp-content\/uploads\/2022\/03\/marimar-logo-social.jpg\",\"contentUrl\":\"http:\/\/marimar-apartments.it\/wp-content\/uploads\/2022\/03\/marimar-logo-social.jpg\",\"width\":513,\"height\":513,\"caption\":\"MariMar Apartments - Case Vacanze a Otranto\"},\"image\":{\"@id\":\"https:\/\/marimar-apartments.it\/de\/#\/schema\/logo\/image\/\"}}]}<\/script>\n<!-- \/ Yoast SEO plugin. -->","yoast_head_json":{"title":"Cookie Policy - Marimar Apartments","robots":{"index":"index","follow":"follow","max-snippet":"max-snippet:-1","max-image-preview":"max-image-preview:large","max-video-preview":"max-video-preview:-1"},"canonical":"https:\/\/marimar-apartments.it\/de\/cookie-policy\/","og_locale":"de_DE","og_type":"article","og_title":"Cookie Policy - Marimar Apartments","og_description":"Cookie Policy Letzte Aktualisierung: 04. Februar 2025 Was sind Cookies? Diese Cookie-Richtlinie erkl\u00e4rt, was Cookies sind und wie wir sie verwenden, welche Arten von Cookies wir nutzen, welche Informationen wir mit Cookies sammeln und wie diese Informationen verwendet werden. Au\u00dferdem erfahren Sie, wie Sie Ihre Cookie-Einstellungen verwalten k\u00f6nnen. Cookies sind kleine Textdateien, die verwendet werden, [&hellip;]","og_url":"https:\/\/marimar-apartments.it\/de\/cookie-policy\/","og_site_name":"Marimar Apartments","article_modified_time":"2025-02-04T16:30:43+00:00","og_image":[{"width":513,"height":513,"url":"https:\/\/marimar-apartments.it\/wp-content\/uploads\/2022\/02\/logo-marimar-social.png","type":"image\/png"}],"twitter_card":"summary_large_image","twitter_misc":{"Gesch\u00e4tzte Lesezeit":"6\u00a0Minuten"},"schema":{"@context":"https:\/\/schema.org","@graph":[{"@type":"WebPage","@id":"https:\/\/marimar-apartments.it\/de\/cookie-policy\/","url":"https:\/\/marimar-apartments.it\/de\/cookie-policy\/","name":"Cookie Policy - Marimar Apartments","isPartOf":{"@id":"https:\/\/marimar-apartments.it\/de\/#website"},"datePublished":"2022-02-23T15:09:36+00:00","dateModified":"2025-02-04T16:30:43+00:00","breadcrumb":{"@id":"https:\/\/marimar-apartments.it\/de\/cookie-policy\/#breadcrumb"},"inLanguage":"de","potentialAction":[{"@type":"ReadAction","target":["https:\/\/marimar-apartments.it\/de\/cookie-policy\/"]}]},{"@type":"BreadcrumbList","@id":"https:\/\/marimar-apartments.it\/de\/cookie-policy\/#breadcrumb","itemListElement":[{"@type":"ListItem","position":1,"name":"Home","item":"https:\/\/marimar-apartments.it\/de\/"},{"@type":"ListItem","position":2,"name":"Cookie Policy"}]},{"@type":"WebSite","@id":"https:\/\/marimar-apartments.it\/de\/#website","url":"https:\/\/marimar-apartments.it\/de\/","name":"Marimar Apartments","description":"Case Vacanze a Otranto, Puglia","publisher":{"@id":"https:\/\/marimar-apartments.it\/de\/#organization"},"potentialAction":[{"@type":"SearchAction","target":{"@type":"EntryPoint","urlTemplate":"https:\/\/marimar-apartments.it\/de\/?s={search_term_string}"},"query-input":{"@type":"PropertyValueSpecification","valueRequired":true,"valueName":"search_term_string"}}],"inLanguage":"de"},{"@type":"Organization","@id":"https:\/\/marimar-apartments.it\/de\/#organization","name":"MariMar Apartments - Case Vacanze a Otranto","url":"https:\/\/marimar-apartments.it\/de\/","logo":{"@type":"ImageObject","inLanguage":"de","@id":"https:\/\/marimar-apartments.it\/de\/#\/schema\/logo\/image\/","url":"http:\/\/marimar-apartments.it\/wp-content\/uploads\/2022\/03\/marimar-logo-social.jpg","contentUrl":"http:\/\/marimar-apartments.it\/wp-content\/uploads\/2022\/03\/marimar-logo-social.jpg","width":513,"height":513,"caption":"MariMar Apartments - Case Vacanze a Otranto"},"image":{"@id":"https:\/\/marimar-apartments.it\/de\/#\/schema\/logo\/image\/"}}]}},"_links":{"self":[{"href":"https:\/\/marimar-apartments.it\/de\/wp-json\/wp\/v2\/pages\/3525","targetHints":{"allow":["GET"]}}],"collection":[{"href":"https:\/\/marimar-apartments.it\/de\/wp-json\/wp\/v2\/pages"}],"about":[{"href":"https:\/\/marimar-apartments.it\/de\/wp-json\/wp\/v2\/types\/page"}],"author":[{"embeddable":true,"href":"https:\/\/marimar-apartments.it\/de\/wp-json\/wp\/v2\/users\/1"}],"replies":[{"embeddable":true,"href":"https:\/\/marimar-apartments.it\/de\/wp-json\/wp\/v2\/comments?post=3525"}],"version-history":[{"count":0,"href":"https:\/\/marimar-apartments.it\/de\/wp-json\/wp\/v2\/pages\/3525\/revisions"}],"wp:attachment":[{"href":"https:\/\/marimar-apartments.it\/de\/wp-json\/wp\/v2\/media?parent=3525"}],"curies":[{"name":"wp","href":"https:\/\/api.w.org\/{rel}","templated":true}]}}